{"id":434,"date":"2024-04-02T07:05:10","date_gmt":"2024-04-02T12:05:10","guid":{"rendered":"https:\/\/muneplasticos.com\/?page_id=434"},"modified":"2024-08-06T09:25:48","modified_gmt":"2024-08-06T14:25:48","slug":"nosotros","status":"publish","type":"page","link":"https:\/\/muneplasticos.com\/index.php\/nosotros\/","title":{"rendered":"Nosotros"},"content":{"rendered":"\t\t<div data-elementor-type=\"wp-page\" data-elementor-id=\"434\" class=\"elementor elementor-434\">\n\t\t\t\t<div class=\"elementor-element elementor-element-c47ef5d animated-slow elementor-hidden-mobile e-flex e-con-boxed elementor-invisible e-con e-parent\" data-id=\"c47ef5d\" data-element_type=\"container\" data-settings=\"{&quot;background_background&quot;:&quot;classic&quot;,&quot;animation&quot;:&quot;fadeInDown&quot;}\">\n\t\t\t\t\t<div class=\"e-con-inner\">\n\t\t<div class=\"elementor-element elementor-element-aa3ffdc e-con-full e-flex e-con e-child\" data-id=\"aa3ffdc\" data-element_type=\"container\">\n\t\t\t\t<div class=\"elementor-element elementor-element-c39eaec animated-slow e-transform elementor-view-default elementor-invisible elementor-widget elementor-widget-icon\" data-id=\"c39eaec\" data-element_type=\"widget\" data-settings=\"{&quot;_animation&quot;:&quot;fadeInDown&quot;,&quot;_transform_scale_effect_hover&quot;:{&quot;unit&quot;:&quot;px&quot;,&quot;size&quot;:1.2,&quot;sizes&quot;:[]},&quot;_transform_scale_effect_hover_tablet&quot;:{&quot;unit&quot;:&quot;px&quot;,&quot;size&quot;:&quot;&quot;,&quot;sizes&quot;:[]},&quot;_transform_scale_effect_hover_mobile&quot;:{&quot;unit&quot;:&quot;px&quot;,&quot;size&quot;:&quot;&quot;,&quot;sizes&quot;:[]}}\" data-widget_type=\"icon.default\">\n\t\t\t\t<div class=\"elementor-widget-container\">\n\t\t\t\t\t\t\t<div class=\"elementor-icon-wrapper\">\n\t\t\t<a class=\"elementor-icon\" href=\"https:\/\/muneplasticos.com\/\">\n\t\t\t<svg aria-hidden=\"true\" class=\"e-font-icon-svg e-fas-home\" viewBox=\"0 0 576 512\" xmlns=\"http:\/\/www.w3.org\/2000\/svg\"><path d=\"M280.37 148.26L96 300.11V464a16 16 0 0 0 16 16l112.06-.29a16 16 0 0 0 15.92-16V368a16 16 0 0 1 16-16h64a16 16 0 0 1 16 16v95.64a16 16 0 0 0 16 16.05L464 480a16 16 0 0 0 16-16V300L295.67 148.26a12.19 12.19 0 0 0-15.3 0zM571.6 251.47L488 182.56V44.05a12 12 0 0 0-12-12h-56a12 12 0 0 0-12 12v72.61L318.47 43a48 48 0 0 0-61 0L4.34 251.47a12 12 0 0 0-1.6 16.9l25.5 31A12 12 0 0 0 45.15 301l235.22-193.74a12.19 12.19 0 0 1 15.3 0L530.9 301a12 12 0 0 0 16.9-1.6l25.5-31a12 12 0 0 0-1.7-16.93z\"><\/path><\/svg>\t\t\t<\/a>\n\t\t<\/div>\n\t\t\t\t\t\t<\/div>\n\t\t\t\t<\/div>\n\t\t\t\t<\/div>\n\t\t<div class=\"elementor-element elementor-element-a4b4cb9 e-con-full e-flex e-con e-child\" data-id=\"a4b4cb9\" data-element_type=\"container\">\n\t\t\t\t<div class=\"elementor-element elementor-element-84b7385 elementor-widget elementor-widget-image\" data-id=\"84b7385\" data-element_type=\"widget\" data-widget_type=\"image.default\">\n\t\t\t\t<div class=\"elementor-widget-container\">\n\t\t\t\t\t\t\t\t\t\t\t\t\t\t\t<img fetchpriority=\"high\" decoding=\"async\" width=\"800\" height=\"352\" src=\"https:\/\/muneplasticos.com\/wp-content\/uploads\/2024\/03\/LOGO-MAS-VIVO-e1709329565277-1024x451.png\" class=\"attachment-large size-large wp-image-15\" alt=\"\" srcset=\"https:\/\/muneplasticos.com\/wp-content\/uploads\/2024\/03\/LOGO-MAS-VIVO-e1709329565277-1024x451.png 1024w, https:\/\/muneplasticos.com\/wp-content\/uploads\/2024\/03\/LOGO-MAS-VIVO-e1709329565277-300x132.png 300w, https:\/\/muneplasticos.com\/wp-content\/uploads\/2024\/03\/LOGO-MAS-VIVO-e1709329565277-768x339.png 768w, https:\/\/muneplasticos.com\/wp-content\/uploads\/2024\/03\/LOGO-MAS-VIVO-e1709329565277.png 1413w\" sizes=\"(max-width: 800px) 100vw, 800px\" \/>\t\t\t\t\t\t\t\t\t\t\t\t\t\t\t<\/div>\n\t\t\t\t<\/div>\n\t\t\t\t<\/div>\n\t\t<div class=\"elementor-element elementor-element-8b15f10 e-con-full e-flex e-con e-child\" data-id=\"8b15f10\" data-element_type=\"container\">\n\t\t\t\t<\/div>\n\t\t\t\t\t<\/div>\n\t\t\t\t<\/div>\n\t\t<div class=\"elementor-element elementor-element-3669fc1 animated-slow elementor-hidden-desktop elementor-hidden-tablet e-flex e-con-boxed elementor-invisible e-con e-parent\" data-id=\"3669fc1\" data-element_type=\"container\" data-settings=\"{&quot;background_background&quot;:&quot;classic&quot;,&quot;animation&quot;:&quot;fadeInDown&quot;}\">\n\t\t\t\t\t<div class=\"e-con-inner\">\n\t\t<div class=\"elementor-element elementor-element-b7a6a28 e-con-full e-flex e-con e-child\" data-id=\"b7a6a28\" data-element_type=\"container\">\n\t\t\t\t<div class=\"elementor-element elementor-element-009dfb0 animated-slow e-transform elementor-view-default elementor-invisible elementor-widget elementor-widget-icon\" data-id=\"009dfb0\" data-element_type=\"widget\" data-settings=\"{&quot;_animation&quot;:&quot;fadeInDown&quot;,&quot;_transform_scale_effect_hover&quot;:{&quot;unit&quot;:&quot;px&quot;,&quot;size&quot;:1.2,&quot;sizes&quot;:[]},&quot;_transform_scale_effect_hover_tablet&quot;:{&quot;unit&quot;:&quot;px&quot;,&quot;size&quot;:&quot;&quot;,&quot;sizes&quot;:[]},&quot;_transform_scale_effect_hover_mobile&quot;:{&quot;unit&quot;:&quot;px&quot;,&quot;size&quot;:&quot;&quot;,&quot;sizes&quot;:[]}}\" data-widget_type=\"icon.default\">\n\t\t\t\t<div class=\"elementor-widget-container\">\n\t\t\t\t\t\t\t<div class=\"elementor-icon-wrapper\">\n\t\t\t<a class=\"elementor-icon\" href=\"https:\/\/muneplasticos.com\/\">\n\t\t\t<svg aria-hidden=\"true\" class=\"e-font-icon-svg e-fas-home\" viewBox=\"0 0 576 512\" xmlns=\"http:\/\/www.w3.org\/2000\/svg\"><path d=\"M280.37 148.26L96 300.11V464a16 16 0 0 0 16 16l112.06-.29a16 16 0 0 0 15.92-16V368a16 16 0 0 1 16-16h64a16 16 0 0 1 16 16v95.64a16 16 0 0 0 16 16.05L464 480a16 16 0 0 0 16-16V300L295.67 148.26a12.19 12.19 0 0 0-15.3 0zM571.6 251.47L488 182.56V44.05a12 12 0 0 0-12-12h-56a12 12 0 0 0-12 12v72.61L318.47 43a48 48 0 0 0-61 0L4.34 251.47a12 12 0 0 0-1.6 16.9l25.5 31A12 12 0 0 0 45.15 301l235.22-193.74a12.19 12.19 0 0 1 15.3 0L530.9 301a12 12 0 0 0 16.9-1.6l25.5-31a12 12 0 0 0-1.7-16.93z\"><\/path><\/svg>\t\t\t<\/a>\n\t\t<\/div>\n\t\t\t\t\t\t<\/div>\n\t\t\t\t<\/div>\n\t\t\t\t<\/div>\n\t\t<div class=\"elementor-element elementor-element-fcc7329 e-con-full e-flex e-con e-child\" data-id=\"fcc7329\" data-element_type=\"container\">\n\t\t\t\t<div class=\"elementor-element elementor-element-18e6a5c elementor-widget elementor-widget-image\" data-id=\"18e6a5c\" data-element_type=\"widget\" data-widget_type=\"image.default\">\n\t\t\t\t<div class=\"elementor-widget-container\">\n\t\t\t\t\t\t\t\t\t\t\t\t\t\t\t<img fetchpriority=\"high\" decoding=\"async\" width=\"800\" height=\"352\" src=\"https:\/\/muneplasticos.com\/wp-content\/uploads\/2024\/03\/LOGO-MAS-VIVO-e1709329565277-1024x451.png\" class=\"attachment-large size-large wp-image-15\" alt=\"\" srcset=\"https:\/\/muneplasticos.com\/wp-content\/uploads\/2024\/03\/LOGO-MAS-VIVO-e1709329565277-1024x451.png 1024w, https:\/\/muneplasticos.com\/wp-content\/uploads\/2024\/03\/LOGO-MAS-VIVO-e1709329565277-300x132.png 300w, https:\/\/muneplasticos.com\/wp-content\/uploads\/2024\/03\/LOGO-MAS-VIVO-e1709329565277-768x339.png 768w, https:\/\/muneplasticos.com\/wp-content\/uploads\/2024\/03\/LOGO-MAS-VIVO-e1709329565277.png 1413w\" sizes=\"(max-width: 800px) 100vw, 800px\" \/>\t\t\t\t\t\t\t\t\t\t\t\t\t\t\t<\/div>\n\t\t\t\t<\/div>\n\t\t\t\t<\/div>\n\t\t\t\t\t<\/div>\n\t\t\t\t<\/div>\n\t\t<div class=\"elementor-element elementor-element-b67d784 elementor-hidden-tablet e-flex e-con-boxed e-con e-parent\" data-id=\"b67d784\" data-element_type=\"container\" data-settings=\"{&quot;background_background&quot;:&quot;classic&quot;}\">\n\t\t\t\t\t<div class=\"e-con-inner\">\n\t\t<div class=\"elementor-element elementor-element-06e19f9 e-con-full e-flex e-con e-child\" data-id=\"06e19f9\" data-element_type=\"container\">\n\t\t\t\t<div class=\"elementor-element elementor-element-6cf42a4 elementor-widget-divider--view-line elementor-widget elementor-widget-divider\" data-id=\"6cf42a4\" data-element_type=\"widget\" data-widget_type=\"divider.default\">\n\t\t\t\t<div class=\"elementor-widget-container\">\n\t\t\t\t\t\t\t<div class=\"elementor-divider\">\n\t\t\t<span class=\"elementor-divider-separator\">\n\t\t\t\t\t\t<\/span>\n\t\t<\/div>\n\t\t\t\t\t\t<\/div>\n\t\t\t\t<\/div>\n\t\t\t\t<div class=\"elementor-element elementor-element-1647c1f animated-slow elementor-invisible elementor-widget elementor-widget-heading\" data-id=\"1647c1f\" data-element_type=\"widget\" data-settings=\"{&quot;_animation&quot;:&quot;fadeInLeft&quot;}\" data-widget_type=\"heading.default\">\n\t\t\t\t<div class=\"elementor-widget-container\">\n\t\t\t\t\t<h2 class=\"elementor-heading-title elementor-size-default\">\u00bfQui\u00e9nes <br>somos?<\/h2>\t\t\t\t<\/div>\n\t\t\t\t<\/div>\n\t\t\t\t<div class=\"elementor-element elementor-element-574d7dc animated-slow elementor-view-default elementor-invisible elementor-widget elementor-widget-icon\" data-id=\"574d7dc\" data-element_type=\"widget\" data-settings=\"{&quot;_animation&quot;:&quot;fadeInLeft&quot;}\" data-widget_type=\"icon.default\">\n\t\t\t\t<div class=\"elementor-widget-container\">\n\t\t\t\t\t\t\t<div class=\"elementor-icon-wrapper\">\n\t\t\t<div class=\"elementor-icon\">\n\t\t\t<svg aria-hidden=\"true\" class=\"e-font-icon-svg e-fas-star\" viewBox=\"0 0 576 512\" xmlns=\"http:\/\/www.w3.org\/2000\/svg\"><path d=\"M259.3 17.8L194 150.2 47.9 171.5c-26.2 3.8-36.7 36.1-17.7 54.6l105.7 103-25 145.5c-4.5 26.3 23.2 46 46.4 33.7L288 439.6l130.7 68.7c23.2 12.2 50.9-7.4 46.4-33.7l-25-145.5 105.7-103c19-18.5 8.5-50.8-17.7-54.6L382 150.2 316.7 17.8c-11.7-23.6-45.6-23.9-57.4 0z\"><\/path><\/svg>\t\t\t<\/div>\n\t\t<\/div>\n\t\t\t\t\t\t<\/div>\n\t\t\t\t<\/div>\n\t\t\t\t<div class=\"elementor-element elementor-element-fb130d4 animated-slow elementor-invisible elementor-widget elementor-widget-text-editor\" data-id=\"fb130d4\" data-element_type=\"widget\" data-settings=\"{&quot;_animation&quot;:&quot;fadeInLeft&quot;}\" data-widget_type=\"text-editor.default\">\n\t\t\t\t<div class=\"elementor-widget-container\">\n\t\t\t\t\t\t\t\t\t<p>Somos una industria colombiana dedicada a la fabricaci\u00f3n y comercializaci\u00f3n de Mu\u00f1ecos y l\u00ednea navide\u00f1a (Pesebres ) comprometidos con la responsabilidad social del pa\u00eds y cuidado del\u00a0medio\u00a0ambiente.<\/p>\t\t\t\t\t\t\t\t<\/div>\n\t\t\t\t<\/div>\n\t\t\t\t<\/div>\n\t\t<div class=\"elementor-element elementor-element-045ec96 e-con-full e-flex e-con e-child\" data-id=\"045ec96\" data-element_type=\"container\">\n\t\t\t\t<div class=\"elementor-element elementor-element-ce8c521 animated-slow elementor-invisible elementor-widget elementor-widget-image-gallery\" data-id=\"ce8c521\" data-element_type=\"widget\" data-settings=\"{&quot;_animation&quot;:&quot;fadeInRight&quot;}\" data-widget_type=\"image-gallery.default\">\n\t\t\t\t<div class=\"elementor-widget-container\">\n\t\t\t\t\t\t\t<div class=\"elementor-image-gallery\">\n\t\t\t<div id='gallery-1' class='gallery galleryid-434 gallery-columns-1 gallery-size-large'><figure class='gallery-item'>\n\t\t\t<div class='gallery-icon landscape'>\n\t\t\t\t<a data-elementor-open-lightbox=\"yes\" data-elementor-lightbox-slideshow=\"ce8c521\" data-elementor-lightbox-title=\"Mu\u00f1e Pl\u00e1sticos\" data-e-action-hash=\"#elementor-action%3Aaction%3Dlightbox%26settings%3DeyJpZCI6MzA0LCJ1cmwiOiJodHRwczpcL1wvbXVuZXBsYXN0aWNvcy5jb21cL3dwLWNvbnRlbnRcL3VwbG9hZHNcLzIwMjRcLzAzXC8yMzQucG5nIiwic2xpZGVzaG93IjoiY2U4YzUyMSJ9\" href='https:\/\/muneplasticos.com\/wp-content\/uploads\/2024\/03\/234.png'><img decoding=\"async\" width=\"800\" height=\"800\" src=\"https:\/\/muneplasticos.com\/wp-content\/uploads\/2024\/03\/234-1024x1024.png\" class=\"attachment-large size-large\" alt=\"\" srcset=\"https:\/\/muneplasticos.com\/wp-content\/uploads\/2024\/03\/234-1024x1024.png 1024w, https:\/\/muneplasticos.com\/wp-content\/uploads\/2024\/03\/234-300x300.png 300w, https:\/\/muneplasticos.com\/wp-content\/uploads\/2024\/03\/234-150x150.png 150w, https:\/\/muneplasticos.com\/wp-content\/uploads\/2024\/03\/234-768x768.png 768w, https:\/\/muneplasticos.com\/wp-content\/uploads\/2024\/03\/234-1536x1536.png 1536w, https:\/\/muneplasticos.com\/wp-content\/uploads\/2024\/03\/234-2048x2048.png 2048w\" sizes=\"(max-width: 800px) 100vw, 800px\" \/><\/a>\n\t\t\t<\/div><\/figure>\n\t\t<\/div>\n\t\t<\/div>\n\t\t\t\t\t\t<\/div>\n\t\t\t\t<\/div>\n\t\t\t\t<\/div>\n\t\t\t\t\t<\/div>\n\t\t\t\t<\/div>\n\t\t<div class=\"elementor-element elementor-element-42a7321 elementor-hidden-desktop elementor-hidden-mobile e-flex e-con-boxed e-con e-parent\" data-id=\"42a7321\" data-element_type=\"container\" data-settings=\"{&quot;background_background&quot;:&quot;classic&quot;}\">\n\t\t\t\t\t<div class=\"e-con-inner\">\n\t\t<div class=\"elementor-element elementor-element-4d63862 e-con-full e-flex e-con e-child\" data-id=\"4d63862\" data-element_type=\"container\">\n\t\t\t\t<div class=\"elementor-element elementor-element-a7f83d5 elementor-widget-divider--view-line elementor-widget elementor-widget-divider\" data-id=\"a7f83d5\" data-element_type=\"widget\" data-widget_type=\"divider.default\">\n\t\t\t\t<div class=\"elementor-widget-container\">\n\t\t\t\t\t\t\t<div class=\"elementor-divider\">\n\t\t\t<span class=\"elementor-divider-separator\">\n\t\t\t\t\t\t<\/span>\n\t\t<\/div>\n\t\t\t\t\t\t<\/div>\n\t\t\t\t<\/div>\n\t\t\t\t<div class=\"elementor-element elementor-element-efb8aa0 animated-slow elementor-invisible elementor-widget elementor-widget-heading\" data-id=\"efb8aa0\" data-element_type=\"widget\" data-settings=\"{&quot;_animation&quot;:&quot;fadeInLeft&quot;}\" data-widget_type=\"heading.default\">\n\t\t\t\t<div class=\"elementor-widget-container\">\n\t\t\t\t\t<h2 class=\"elementor-heading-title elementor-size-default\">\u00bfQui\u00e9nes <br>somos?<\/h2>\t\t\t\t<\/div>\n\t\t\t\t<\/div>\n\t\t\t\t<div class=\"elementor-element elementor-element-3f351ce animated-slow elementor-view-default elementor-invisible elementor-widget elementor-widget-icon\" data-id=\"3f351ce\" data-element_type=\"widget\" data-settings=\"{&quot;_animation&quot;:&quot;fadeInLeft&quot;}\" data-widget_type=\"icon.default\">\n\t\t\t\t<div class=\"elementor-widget-container\">\n\t\t\t\t\t\t\t<div class=\"elementor-icon-wrapper\">\n\t\t\t<div class=\"elementor-icon\">\n\t\t\t<svg aria-hidden=\"true\" class=\"e-font-icon-svg e-fas-star\" viewBox=\"0 0 576 512\" xmlns=\"http:\/\/www.w3.org\/2000\/svg\"><path d=\"M259.3 17.8L194 150.2 47.9 171.5c-26.2 3.8-36.7 36.1-17.7 54.6l105.7 103-25 145.5c-4.5 26.3 23.2 46 46.4 33.7L288 439.6l130.7 68.7c23.2 12.2 50.9-7.4 46.4-33.7l-25-145.5 105.7-103c19-18.5 8.5-50.8-17.7-54.6L382 150.2 316.7 17.8c-11.7-23.6-45.6-23.9-57.4 0z\"><\/path><\/svg>\t\t\t<\/div>\n\t\t<\/div>\n\t\t\t\t\t\t<\/div>\n\t\t\t\t<\/div>\n\t\t\t\t<div class=\"elementor-element elementor-element-25da5de animated-slow elementor-invisible elementor-widget elementor-widget-text-editor\" data-id=\"25da5de\" data-element_type=\"widget\" data-settings=\"{&quot;_animation&quot;:&quot;fadeInLeft&quot;}\" data-widget_type=\"text-editor.default\">\n\t\t\t\t<div class=\"elementor-widget-container\">\n\t\t\t\t\t\t\t\t\t<p>Somos una industria colombiana dedicada a la fabricaci\u00f3n y comercializaci\u00f3n de Mu\u00f1ecos y l\u00ednea navide\u00f1a (Pesebres ) comprometidos con la responsabilidad social del pa\u00eds y cuidado del\u00a0medio\u00a0ambiente.<\/p>\t\t\t\t\t\t\t\t<\/div>\n\t\t\t\t<\/div>\n\t\t\t\t<\/div>\n\t\t<div class=\"elementor-element elementor-element-dfb0758 e-con-full e-flex e-con e-child\" data-id=\"dfb0758\" data-element_type=\"container\">\n\t\t\t\t<div class=\"elementor-element elementor-element-5d15f38 elementor-widget elementor-widget-spacer\" data-id=\"5d15f38\" data-element_type=\"widget\" data-widget_type=\"spacer.default\">\n\t\t\t\t<div class=\"elementor-widget-container\">\n\t\t\t\t\t\t\t<div class=\"elementor-spacer\">\n\t\t\t<div class=\"elementor-spacer-inner\"><\/div>\n\t\t<\/div>\n\t\t\t\t\t\t<\/div>\n\t\t\t\t<\/div>\n\t\t\t\t<div class=\"elementor-element elementor-element-12d479d animated-slow elementor-invisible elementor-widget elementor-widget-image-gallery\" data-id=\"12d479d\" data-element_type=\"widget\" data-settings=\"{&quot;_animation&quot;:&quot;fadeInRight&quot;}\" data-widget_type=\"image-gallery.default\">\n\t\t\t\t<div class=\"elementor-widget-container\">\n\t\t\t\t\t\t\t<div class=\"elementor-image-gallery\">\n\t\t\t<div id='gallery-2' class='gallery galleryid-434 gallery-columns-1 gallery-size-large'><figure class='gallery-item'>\n\t\t\t<div class='gallery-icon landscape'>\n\t\t\t\t<a data-elementor-open-lightbox=\"yes\" data-elementor-lightbox-slideshow=\"12d479d\" data-elementor-lightbox-title=\"Mu\u00f1e Pl\u00e1sticos\" data-e-action-hash=\"#elementor-action%3Aaction%3Dlightbox%26settings%3DeyJpZCI6MzA0LCJ1cmwiOiJodHRwczpcL1wvbXVuZXBsYXN0aWNvcy5jb21cL3dwLWNvbnRlbnRcL3VwbG9hZHNcLzIwMjRcLzAzXC8yMzQucG5nIiwic2xpZGVzaG93IjoiMTJkNDc5ZCJ9\" href='https:\/\/muneplasticos.com\/wp-content\/uploads\/2024\/03\/234.png'><img decoding=\"async\" width=\"800\" height=\"800\" src=\"https:\/\/muneplasticos.com\/wp-content\/uploads\/2024\/03\/234-1024x1024.png\" class=\"attachment-large size-large\" alt=\"\" srcset=\"https:\/\/muneplasticos.com\/wp-content\/uploads\/2024\/03\/234-1024x1024.png 1024w, https:\/\/muneplasticos.com\/wp-content\/uploads\/2024\/03\/234-300x300.png 300w, https:\/\/muneplasticos.com\/wp-content\/uploads\/2024\/03\/234-150x150.png 150w, https:\/\/muneplasticos.com\/wp-content\/uploads\/2024\/03\/234-768x768.png 768w, https:\/\/muneplasticos.com\/wp-content\/uploads\/2024\/03\/234-1536x1536.png 1536w, https:\/\/muneplasticos.com\/wp-content\/uploads\/2024\/03\/234-2048x2048.png 2048w\" sizes=\"(max-width: 800px) 100vw, 800px\" \/><\/a>\n\t\t\t<\/div><\/figure>\n\t\t<\/div>\n\t\t<\/div>\n\t\t\t\t\t\t<\/div>\n\t\t\t\t<\/div>\n\t\t\t\t<\/div>\n\t\t\t\t\t<\/div>\n\t\t\t\t<\/div>\n\t\t<div class=\"elementor-element elementor-element-4126427 animated-slow e-flex e-con-boxed elementor-invisible e-con e-parent\" data-id=\"4126427\" data-element_type=\"container\" data-settings=\"{&quot;background_background&quot;:&quot;classic&quot;,&quot;animation&quot;:&quot;fadeInDown&quot;}\">\n\t\t\t\t\t<div class=\"e-con-inner\">\n\t\t<div class=\"elementor-element elementor-element-e63028a e-con-full e-flex e-con e-child\" data-id=\"e63028a\" data-element_type=\"container\">\n\t\t\t\t<\/div>\n\t\t<div class=\"elementor-element elementor-element-67f4a78 e-con-full e-flex e-con e-child\" data-id=\"67f4a78\" data-element_type=\"container\">\n\t\t\t\t<div class=\"elementor-element elementor-element-a4bf8fc elementor-widget elementor-widget-heading\" data-id=\"a4bf8fc\" data-element_type=\"widget\" data-widget_type=\"heading.default\">\n\t\t\t\t<div class=\"elementor-widget-container\">\n\t\t\t\t\t<h2 class=\"elementor-heading-title elementor-size-default\">\u00a92024.Todos los derechos reservados\u00a9  mu\u00f1e pl\u00e1sticos<\/h2>\t\t\t\t<\/div>\n\t\t\t\t<\/div>\n\t\t\t\t<\/div>\n\t\t<div class=\"elementor-element elementor-element-798a89f e-con-full e-flex e-con e-child\" data-id=\"798a89f\" data-element_type=\"container\">\n\t\t\t\t<\/div>\n\t\t\t\t\t<\/div>\n\t\t\t\t<\/div>\n\t\t\t\t<\/div>\n\t\t","protected":false},"excerpt":{"rendered":"<p>\u00bfQui\u00e9nes somos? Somos una industria colombiana dedicada a la fabricaci\u00f3n y comercializaci\u00f3n de Mu\u00f1ecos y l\u00ednea navide\u00f1a (Pesebres ) comprometidos con la responsabilidad social del pa\u00eds y cuidado del\u00a0medio\u00a0ambiente. \u00bfQui\u00e9nes somos? Somos una industria colombiana dedicada a la fabricaci\u00f3n y comercializaci\u00f3n de Mu\u00f1ecos y l\u00ednea navide\u00f1a (Pesebres ) comprometidos con la responsabilidad social del pa\u00eds [&hellip;]<\/p>\n","protected":false},"author":1,"featured_media":0,"parent":0,"menu_order":0,"comment_status":"closed","ping_status":"closed","template":"elementor_canvas","meta":{"_joinchat":[],"footnotes":""},"class_list":["post-434","page","type-page","status-publish","hentry"],"_links":{"self":[{"href":"https:\/\/muneplasticos.com\/index.php\/wp-json\/wp\/v2\/pages\/434","targetHints":{"allow":["GET"]}}],"collection":[{"href":"https:\/\/muneplasticos.com\/index.php\/wp-json\/wp\/v2\/pages"}],"about":[{"href":"https:\/\/muneplasticos.com\/index.php\/wp-json\/wp\/v2\/types\/page"}],"author":[{"embeddable":true,"href":"https:\/\/muneplasticos.com\/index.php\/wp-json\/wp\/v2\/users\/1"}],"replies":[{"embeddable":true,"href":"https:\/\/muneplasticos.com\/index.php\/wp-json\/wp\/v2\/comments?post=434"}],"version-history":[{"count":43,"href":"https:\/\/muneplasticos.com\/index.php\/wp-json\/wp\/v2\/pages\/434\/revisions"}],"predecessor-version":[{"id":1069,"href":"https:\/\/muneplasticos.com\/index.php\/wp-json\/wp\/v2\/pages\/434\/revisions\/1069"}],"wp:attachment":[{"href":"https:\/\/muneplasticos.com\/index.php\/wp-json\/wp\/v2\/media?parent=434"}],"curies":[{"name":"wp","href":"https:\/\/api.w.org\/{rel}","templated":true}]}}