{"id":571,"date":"2024-04-02T08:38:39","date_gmt":"2024-04-02T13:38:39","guid":{"rendered":"https:\/\/muneplasticos.com\/?page_id=571"},"modified":"2024-08-20T12:22:14","modified_gmt":"2024-08-20T17:22:14","slug":"nuestra-trayectoria","status":"publish","type":"page","link":"https:\/\/muneplasticos.com\/index.php\/nuestra-trayectoria\/","title":{"rendered":"Nuestra Trayectoria"},"content":{"rendered":"\t\t<div data-elementor-type=\"wp-page\" data-elementor-id=\"571\" class=\"elementor elementor-571\">\n\t\t\t\t<div class=\"elementor-element elementor-element-0d1b8bc animated-slow elementor-hidden-mobile e-flex e-con-boxed elementor-invisible e-con e-parent\" data-id=\"0d1b8bc\" data-element_type=\"container\" data-settings=\"{&quot;background_background&quot;:&quot;classic&quot;,&quot;animation&quot;:&quot;fadeInDown&quot;}\">\n\t\t\t\t\t<div class=\"e-con-inner\">\n\t\t<div class=\"elementor-element elementor-element-8e8a1e9 e-con-full e-flex e-con e-child\" data-id=\"8e8a1e9\" data-element_type=\"container\">\n\t\t\t\t<div class=\"elementor-element elementor-element-dc4ce0b e-transform elementor-view-default elementor-widget elementor-widget-icon\" data-id=\"dc4ce0b\" data-element_type=\"widget\" data-settings=\"{&quot;_transform_scale_effect_hover&quot;:{&quot;unit&quot;:&quot;px&quot;,&quot;size&quot;:1.2,&quot;sizes&quot;:[]},&quot;_transform_scale_effect_hover_tablet&quot;:{&quot;unit&quot;:&quot;px&quot;,&quot;size&quot;:&quot;&quot;,&quot;sizes&quot;:[]},&quot;_transform_scale_effect_hover_mobile&quot;:{&quot;unit&quot;:&quot;px&quot;,&quot;size&quot;:&quot;&quot;,&quot;sizes&quot;:[]}}\" data-widget_type=\"icon.default\">\n\t\t\t\t<div class=\"elementor-widget-container\">\n\t\t\t\t\t\t\t<div class=\"elementor-icon-wrapper\">\n\t\t\t<a class=\"elementor-icon\" href=\"https:\/\/muneplasticos.com\/\">\n\t\t\t<svg aria-hidden=\"true\" class=\"e-font-icon-svg e-fas-home\" viewBox=\"0 0 576 512\" xmlns=\"http:\/\/www.w3.org\/2000\/svg\"><path d=\"M280.37 148.26L96 300.11V464a16 16 0 0 0 16 16l112.06-.29a16 16 0 0 0 15.92-16V368a16 16 0 0 1 16-16h64a16 16 0 0 1 16 16v95.64a16 16 0 0 0 16 16.05L464 480a16 16 0 0 0 16-16V300L295.67 148.26a12.19 12.19 0 0 0-15.3 0zM571.6 251.47L488 182.56V44.05a12 12 0 0 0-12-12h-56a12 12 0 0 0-12 12v72.61L318.47 43a48 48 0 0 0-61 0L4.34 251.47a12 12 0 0 0-1.6 16.9l25.5 31A12 12 0 0 0 45.15 301l235.22-193.74a12.19 12.19 0 0 1 15.3 0L530.9 301a12 12 0 0 0 16.9-1.6l25.5-31a12 12 0 0 0-1.7-16.93z\"><\/path><\/svg>\t\t\t<\/a>\n\t\t<\/div>\n\t\t\t\t\t\t<\/div>\n\t\t\t\t<\/div>\n\t\t\t\t<\/div>\n\t\t<div class=\"elementor-element elementor-element-e0d37f6 e-con-full e-flex e-con e-child\" data-id=\"e0d37f6\" data-element_type=\"container\">\n\t\t\t\t<div class=\"elementor-element elementor-element-9ef4d94 elementor-widget elementor-widget-image\" data-id=\"9ef4d94\" data-element_type=\"widget\" data-widget_type=\"image.default\">\n\t\t\t\t<div class=\"elementor-widget-container\">\n\t\t\t\t\t\t\t\t\t\t\t\t\t\t\t<img fetchpriority=\"high\" decoding=\"async\" width=\"800\" height=\"352\" src=\"https:\/\/muneplasticos.com\/wp-content\/uploads\/2024\/03\/LOGO-MAS-VIVO-e1709329565277-1024x451.png\" class=\"attachment-large size-large wp-image-15\" alt=\"\" srcset=\"https:\/\/muneplasticos.com\/wp-content\/uploads\/2024\/03\/LOGO-MAS-VIVO-e1709329565277-1024x451.png 1024w, https:\/\/muneplasticos.com\/wp-content\/uploads\/2024\/03\/LOGO-MAS-VIVO-e1709329565277-300x132.png 300w, https:\/\/muneplasticos.com\/wp-content\/uploads\/2024\/03\/LOGO-MAS-VIVO-e1709329565277-768x339.png 768w, https:\/\/muneplasticos.com\/wp-content\/uploads\/2024\/03\/LOGO-MAS-VIVO-e1709329565277.png 1413w\" sizes=\"(max-width: 800px) 100vw, 800px\" \/>\t\t\t\t\t\t\t\t\t\t\t\t\t\t\t<\/div>\n\t\t\t\t<\/div>\n\t\t\t\t<\/div>\n\t\t<div class=\"elementor-element elementor-element-8f52f7e e-con-full e-flex e-con e-child\" data-id=\"8f52f7e\" data-element_type=\"container\">\n\t\t\t\t<\/div>\n\t\t\t\t\t<\/div>\n\t\t\t\t<\/div>\n\t\t<div class=\"elementor-element elementor-element-8204752 animated-slow elementor-hidden-desktop elementor-hidden-tablet e-flex e-con-boxed elementor-invisible e-con e-parent\" data-id=\"8204752\" data-element_type=\"container\" data-settings=\"{&quot;background_background&quot;:&quot;classic&quot;,&quot;animation&quot;:&quot;fadeInDown&quot;}\">\n\t\t\t\t\t<div class=\"e-con-inner\">\n\t\t<div class=\"elementor-element elementor-element-4ef5fe0 e-con-full e-flex e-con e-child\" data-id=\"4ef5fe0\" data-element_type=\"container\">\n\t\t\t\t<div class=\"elementor-element elementor-element-40fefd1 e-transform elementor-view-default elementor-widget elementor-widget-icon\" data-id=\"40fefd1\" data-element_type=\"widget\" data-settings=\"{&quot;_transform_scale_effect_hover&quot;:{&quot;unit&quot;:&quot;px&quot;,&quot;size&quot;:1.2,&quot;sizes&quot;:[]},&quot;_transform_scale_effect_hover_tablet&quot;:{&quot;unit&quot;:&quot;px&quot;,&quot;size&quot;:&quot;&quot;,&quot;sizes&quot;:[]},&quot;_transform_scale_effect_hover_mobile&quot;:{&quot;unit&quot;:&quot;px&quot;,&quot;size&quot;:&quot;&quot;,&quot;sizes&quot;:[]}}\" data-widget_type=\"icon.default\">\n\t\t\t\t<div class=\"elementor-widget-container\">\n\t\t\t\t\t\t\t<div class=\"elementor-icon-wrapper\">\n\t\t\t<a class=\"elementor-icon\" href=\"https:\/\/muneplasticos.com\/\">\n\t\t\t<svg aria-hidden=\"true\" class=\"e-font-icon-svg e-fas-home\" viewBox=\"0 0 576 512\" xmlns=\"http:\/\/www.w3.org\/2000\/svg\"><path d=\"M280.37 148.26L96 300.11V464a16 16 0 0 0 16 16l112.06-.29a16 16 0 0 0 15.92-16V368a16 16 0 0 1 16-16h64a16 16 0 0 1 16 16v95.64a16 16 0 0 0 16 16.05L464 480a16 16 0 0 0 16-16V300L295.67 148.26a12.19 12.19 0 0 0-15.3 0zM571.6 251.47L488 182.56V44.05a12 12 0 0 0-12-12h-56a12 12 0 0 0-12 12v72.61L318.47 43a48 48 0 0 0-61 0L4.34 251.47a12 12 0 0 0-1.6 16.9l25.5 31A12 12 0 0 0 45.15 301l235.22-193.74a12.19 12.19 0 0 1 15.3 0L530.9 301a12 12 0 0 0 16.9-1.6l25.5-31a12 12 0 0 0-1.7-16.93z\"><\/path><\/svg>\t\t\t<\/a>\n\t\t<\/div>\n\t\t\t\t\t\t<\/div>\n\t\t\t\t<\/div>\n\t\t\t\t<\/div>\n\t\t<div class=\"elementor-element elementor-element-6a9e9cc e-con-full e-flex e-con e-child\" data-id=\"6a9e9cc\" data-element_type=\"container\">\n\t\t\t\t<div class=\"elementor-element elementor-element-a54f111 elementor-widget elementor-widget-image\" data-id=\"a54f111\" data-element_type=\"widget\" data-widget_type=\"image.default\">\n\t\t\t\t<div class=\"elementor-widget-container\">\n\t\t\t\t\t\t\t\t\t\t\t\t\t\t\t<img fetchpriority=\"high\" decoding=\"async\" width=\"800\" height=\"352\" src=\"https:\/\/muneplasticos.com\/wp-content\/uploads\/2024\/03\/LOGO-MAS-VIVO-e1709329565277-1024x451.png\" class=\"attachment-large size-large wp-image-15\" alt=\"\" srcset=\"https:\/\/muneplasticos.com\/wp-content\/uploads\/2024\/03\/LOGO-MAS-VIVO-e1709329565277-1024x451.png 1024w, https:\/\/muneplasticos.com\/wp-content\/uploads\/2024\/03\/LOGO-MAS-VIVO-e1709329565277-300x132.png 300w, https:\/\/muneplasticos.com\/wp-content\/uploads\/2024\/03\/LOGO-MAS-VIVO-e1709329565277-768x339.png 768w, https:\/\/muneplasticos.com\/wp-content\/uploads\/2024\/03\/LOGO-MAS-VIVO-e1709329565277.png 1413w\" sizes=\"(max-width: 800px) 100vw, 800px\" \/>\t\t\t\t\t\t\t\t\t\t\t\t\t\t\t<\/div>\n\t\t\t\t<\/div>\n\t\t\t\t<\/div>\n\t\t\t\t\t<\/div>\n\t\t\t\t<\/div>\n\t\t<div class=\"elementor-element elementor-element-0ca3edc elementor-hidden-tablet e-flex e-con-boxed e-con e-parent\" data-id=\"0ca3edc\" data-element_type=\"container\" data-settings=\"{&quot;background_background&quot;:&quot;classic&quot;}\">\n\t\t\t\t\t<div class=\"e-con-inner\">\n\t\t<div class=\"elementor-element elementor-element-384e429 e-con-full e-flex e-con e-child\" data-id=\"384e429\" data-element_type=\"container\">\n\t\t\t\t<div class=\"elementor-element elementor-element-fad0aa9 elementor-widget-divider--view-line elementor-widget elementor-widget-divider\" data-id=\"fad0aa9\" data-element_type=\"widget\" data-widget_type=\"divider.default\">\n\t\t\t\t<div class=\"elementor-widget-container\">\n\t\t\t\t\t\t\t<div class=\"elementor-divider\">\n\t\t\t<span class=\"elementor-divider-separator\">\n\t\t\t\t\t\t<\/span>\n\t\t<\/div>\n\t\t\t\t\t\t<\/div>\n\t\t\t\t<\/div>\n\t\t\t\t<div class=\"elementor-element elementor-element-690ae0b animated-slow elementor-hidden-mobile elementor-invisible elementor-widget elementor-widget-heading\" data-id=\"690ae0b\" data-element_type=\"widget\" data-settings=\"{&quot;_animation&quot;:&quot;fadeInLeft&quot;}\" data-widget_type=\"heading.default\">\n\t\t\t\t<div class=\"elementor-widget-container\">\n\t\t\t\t\t<h2 class=\"elementor-heading-title elementor-size-default\">TRAYECTORIA<\/h2>\t\t\t\t<\/div>\n\t\t\t\t<\/div>\n\t\t\t\t<div class=\"elementor-element elementor-element-32bf8e8 animated-slow elementor-hidden-desktop elementor-hidden-tablet elementor-invisible elementor-widget elementor-widget-heading\" data-id=\"32bf8e8\" data-element_type=\"widget\" data-settings=\"{&quot;_animation&quot;:&quot;fadeInLeft&quot;}\" data-widget_type=\"heading.default\">\n\t\t\t\t<div class=\"elementor-widget-container\">\n\t\t\t\t\t<h2 class=\"elementor-heading-title elementor-size-default\">TRAYECTORIA<\/h2>\t\t\t\t<\/div>\n\t\t\t\t<\/div>\n\t\t\t\t<div class=\"elementor-element elementor-element-7eefd45 animated-slow elementor-invisible elementor-widget elementor-widget-text-editor\" data-id=\"7eefd45\" data-element_type=\"widget\" data-settings=\"{&quot;_animation&quot;:&quot;fadeInLeft&quot;}\" data-widget_type=\"text-editor.default\">\n\t\t\t\t<div class=\"elementor-widget-container\">\n\t\t\t\t\t\t\t\t\t<p>Hace 25 a\u00f1os nos unimos con el prop\u00f3sito de fomentar momentos de felicidad y alegr\u00eda en los corazones de los m\u00e1s peque\u00f1os\u2026.Nuestros ni\u00f1os!!<\/p><p>Tenemos amplia trayectoria en el mercado nacional; nuestra planta de produccion esta ubicada en la zona sur de la ciudad de Bogot\u00e1 (Colombia); la cual cuenta con m\u00e1s de 1.000 metros cuadrados, personal calificado, y una cadena de productividad eficaz<\/p>\t\t\t\t\t\t\t\t<\/div>\n\t\t\t\t<\/div>\n\t\t\t\t<\/div>\n\t\t<div class=\"elementor-element elementor-element-4f09ccb e-con-full elementor-hidden-tablet e-flex e-con e-child\" data-id=\"4f09ccb\" data-element_type=\"container\">\n\t\t\t\t<div class=\"elementor-element elementor-element-6f57b43 elementor-hidden-tablet elementor-hidden-mobile elementor-widget elementor-widget-spacer\" data-id=\"6f57b43\" data-element_type=\"widget\" data-widget_type=\"spacer.default\">\n\t\t\t\t<div class=\"elementor-widget-container\">\n\t\t\t\t\t\t\t<div class=\"elementor-spacer\">\n\t\t\t<div class=\"elementor-spacer-inner\"><\/div>\n\t\t<\/div>\n\t\t\t\t\t\t<\/div>\n\t\t\t\t<\/div>\n\t\t\t\t<div class=\"elementor-element elementor-element-5263ddd elementor-invisible elementor-widget elementor-widget-image\" data-id=\"5263ddd\" data-element_type=\"widget\" data-settings=\"{&quot;_animation&quot;:&quot;fadeInRight&quot;}\" data-widget_type=\"image.default\">\n\t\t\t\t<div class=\"elementor-widget-container\">\n\t\t\t\t\t\t\t\t\t\t\t\t\t\t\t<img decoding=\"async\" width=\"800\" height=\"462\" src=\"https:\/\/muneplasticos.com\/wp-content\/uploads\/2024\/08\/Ilustracion_sin_titulo-1-1024x591.png\" class=\"attachment-large size-large wp-image-1942\" alt=\"\" srcset=\"https:\/\/muneplasticos.com\/wp-content\/uploads\/2024\/08\/Ilustracion_sin_titulo-1-1024x591.png 1024w, https:\/\/muneplasticos.com\/wp-content\/uploads\/2024\/08\/Ilustracion_sin_titulo-1-300x173.png 300w, https:\/\/muneplasticos.com\/wp-content\/uploads\/2024\/08\/Ilustracion_sin_titulo-1-768x444.png 768w, https:\/\/muneplasticos.com\/wp-content\/uploads\/2024\/08\/Ilustracion_sin_titulo-1-1536x887.png 1536w, https:\/\/muneplasticos.com\/wp-content\/uploads\/2024\/08\/Ilustracion_sin_titulo-1-2048x1183.png 2048w\" sizes=\"(max-width: 800px) 100vw, 800px\" \/>\t\t\t\t\t\t\t\t\t\t\t\t\t\t\t<\/div>\n\t\t\t\t<\/div>\n\t\t\t\t<\/div>\n\t\t\t\t\t<\/div>\n\t\t\t\t<\/div>\n\t\t<div class=\"elementor-element elementor-element-862ea83 elementor-hidden-desktop elementor-hidden-mobile e-flex e-con-boxed e-con e-parent\" data-id=\"862ea83\" data-element_type=\"container\" data-settings=\"{&quot;background_background&quot;:&quot;classic&quot;}\">\n\t\t\t\t\t<div class=\"e-con-inner\">\n\t\t<div class=\"elementor-element elementor-element-4f163cd e-con-full e-flex e-con e-child\" data-id=\"4f163cd\" data-element_type=\"container\">\n\t\t\t\t<div class=\"elementor-element elementor-element-6b3dbf4 elementor-widget-divider--view-line elementor-widget elementor-widget-divider\" data-id=\"6b3dbf4\" data-element_type=\"widget\" data-widget_type=\"divider.default\">\n\t\t\t\t<div class=\"elementor-widget-container\">\n\t\t\t\t\t\t\t<div class=\"elementor-divider\">\n\t\t\t<span class=\"elementor-divider-separator\">\n\t\t\t\t\t\t<\/span>\n\t\t<\/div>\n\t\t\t\t\t\t<\/div>\n\t\t\t\t<\/div>\n\t\t\t\t<div class=\"elementor-element elementor-element-1126be6 animated-slow elementor-hidden-mobile elementor-invisible elementor-widget elementor-widget-heading\" data-id=\"1126be6\" data-element_type=\"widget\" data-settings=\"{&quot;_animation&quot;:&quot;fadeInLeft&quot;}\" data-widget_type=\"heading.default\">\n\t\t\t\t<div class=\"elementor-widget-container\">\n\t\t\t\t\t<h2 class=\"elementor-heading-title elementor-size-default\">TRAYECTORIA<\/h2>\t\t\t\t<\/div>\n\t\t\t\t<\/div>\n\t\t\t\t<div class=\"elementor-element elementor-element-1cc482c animated-slow elementor-hidden-desktop elementor-hidden-tablet elementor-invisible elementor-widget elementor-widget-heading\" data-id=\"1cc482c\" data-element_type=\"widget\" data-settings=\"{&quot;_animation&quot;:&quot;fadeInLeft&quot;}\" data-widget_type=\"heading.default\">\n\t\t\t\t<div class=\"elementor-widget-container\">\n\t\t\t\t\t<h2 class=\"elementor-heading-title elementor-size-default\">TRAYECTORIA<\/h2>\t\t\t\t<\/div>\n\t\t\t\t<\/div>\n\t\t\t\t<div class=\"elementor-element elementor-element-b6e2ef7 animated-slow elementor-invisible elementor-widget elementor-widget-text-editor\" data-id=\"b6e2ef7\" data-element_type=\"widget\" data-settings=\"{&quot;_animation&quot;:&quot;fadeInLeft&quot;}\" data-widget_type=\"text-editor.default\">\n\t\t\t\t<div class=\"elementor-widget-container\">\n\t\t\t\t\t\t\t\t\t<p>Hace 25 a\u00f1os nos unimos con el prop\u00f3sito de fomentar momentos de felicidad y alegr\u00eda en los corazones de los m\u00e1s peque\u00f1os\u2026.Nuestros ni\u00f1os!!<\/p><p>Tenemos amplia trayectoria en el mercado nacional; nuestra planta de produccion esta ubicada en la zona sur de la ciudad de Bogot\u00e1 (Colombia); la cual cuenta con m\u00e1s de 1.000 metros cuadrados, personal calificado, y una cadena de productividad eficaz<\/p>\t\t\t\t\t\t\t\t<\/div>\n\t\t\t\t<\/div>\n\t\t\t\t<\/div>\n\t\t<div class=\"elementor-element elementor-element-5a76afe e-con-full e-flex e-con e-child\" data-id=\"5a76afe\" data-element_type=\"container\">\n\t\t\t\t<div class=\"elementor-element elementor-element-068c56b elementor-widget elementor-widget-spacer\" data-id=\"068c56b\" data-element_type=\"widget\" data-widget_type=\"spacer.default\">\n\t\t\t\t<div class=\"elementor-widget-container\">\n\t\t\t\t\t\t\t<div class=\"elementor-spacer\">\n\t\t\t<div class=\"elementor-spacer-inner\"><\/div>\n\t\t<\/div>\n\t\t\t\t\t\t<\/div>\n\t\t\t\t<\/div>\n\t\t\t\t<div class=\"elementor-element elementor-element-0d1b6ec elementor-widget elementor-widget-image\" data-id=\"0d1b6ec\" data-element_type=\"widget\" data-widget_type=\"image.default\">\n\t\t\t\t<div class=\"elementor-widget-container\">\n\t\t\t\t\t\t\t\t\t\t\t\t\t\t\t<img decoding=\"async\" width=\"800\" height=\"462\" src=\"https:\/\/muneplasticos.com\/wp-content\/uploads\/2024\/08\/Ilustracion_sin_titulo-1-1024x591.png\" class=\"attachment-large size-large wp-image-1942\" alt=\"\" srcset=\"https:\/\/muneplasticos.com\/wp-content\/uploads\/2024\/08\/Ilustracion_sin_titulo-1-1024x591.png 1024w, https:\/\/muneplasticos.com\/wp-content\/uploads\/2024\/08\/Ilustracion_sin_titulo-1-300x173.png 300w, https:\/\/muneplasticos.com\/wp-content\/uploads\/2024\/08\/Ilustracion_sin_titulo-1-768x444.png 768w, https:\/\/muneplasticos.com\/wp-content\/uploads\/2024\/08\/Ilustracion_sin_titulo-1-1536x887.png 1536w, https:\/\/muneplasticos.com\/wp-content\/uploads\/2024\/08\/Ilustracion_sin_titulo-1-2048x1183.png 2048w\" sizes=\"(max-width: 800px) 100vw, 800px\" \/>\t\t\t\t\t\t\t\t\t\t\t\t\t\t\t<\/div>\n\t\t\t\t<\/div>\n\t\t\t\t<\/div>\n\t\t\t\t\t<\/div>\n\t\t\t\t<\/div>\n\t\t<div class=\"elementor-element elementor-element-d5d439f animated-slow e-flex e-con-boxed elementor-invisible e-con e-parent\" data-id=\"d5d439f\" data-element_type=\"container\" data-settings=\"{&quot;background_background&quot;:&quot;classic&quot;,&quot;animation&quot;:&quot;fadeInDown&quot;}\">\n\t\t\t\t\t<div class=\"e-con-inner\">\n\t\t<div class=\"elementor-element elementor-element-b1b2a78 e-con-full e-flex e-con e-child\" data-id=\"b1b2a78\" data-element_type=\"container\">\n\t\t\t\t<\/div>\n\t\t<div class=\"elementor-element elementor-element-a4c2fd8 e-con-full e-flex e-con e-child\" data-id=\"a4c2fd8\" data-element_type=\"container\">\n\t\t\t\t<div class=\"elementor-element elementor-element-562ffe8 elementor-widget elementor-widget-heading\" data-id=\"562ffe8\" data-element_type=\"widget\" data-widget_type=\"heading.default\">\n\t\t\t\t<div class=\"elementor-widget-container\">\n\t\t\t\t\t<h2 class=\"elementor-heading-title elementor-size-default\">\u00a92024.Todos los derechos reservados\u00a9  mu\u00f1e pl\u00e1sticos<\/h2>\t\t\t\t<\/div>\n\t\t\t\t<\/div>\n\t\t\t\t<\/div>\n\t\t<div class=\"elementor-element elementor-element-49bfa37 e-con-full e-flex e-con e-child\" data-id=\"49bfa37\" data-element_type=\"container\">\n\t\t\t\t<\/div>\n\t\t\t\t\t<\/div>\n\t\t\t\t<\/div>\n\t\t\t\t<\/div>\n\t\t","protected":false},"excerpt":{"rendered":"<p>TRAYECTORIA TRAYECTORIA Hace 25 a\u00f1os nos unimos con el prop\u00f3sito de fomentar momentos de felicidad y alegr\u00eda en los corazones de los m\u00e1s peque\u00f1os\u2026.Nuestros ni\u00f1os!! Tenemos amplia trayectoria en el mercado nacional; nuestra planta de produccion esta ubicada en la zona sur de la ciudad de Bogot\u00e1 (Colombia); la cual cuenta con m\u00e1s de 1.000 [&hellip;]<\/p>\n","protected":false},"author":1,"featured_media":0,"parent":0,"menu_order":0,"comment_status":"closed","ping_status":"closed","template":"elementor_canvas","meta":{"_joinchat":[],"footnotes":""},"class_list":["post-571","page","type-page","status-publish","hentry"],"_links":{"self":[{"href":"https:\/\/muneplasticos.com\/index.php\/wp-json\/wp\/v2\/pages\/571","targetHints":{"allow":["GET"]}}],"collection":[{"href":"https:\/\/muneplasticos.com\/index.php\/wp-json\/wp\/v2\/pages"}],"about":[{"href":"https:\/\/muneplasticos.com\/index.php\/wp-json\/wp\/v2\/types\/page"}],"author":[{"embeddable":true,"href":"https:\/\/muneplasticos.com\/index.php\/wp-json\/wp\/v2\/users\/1"}],"replies":[{"embeddable":true,"href":"https:\/\/muneplasticos.com\/index.php\/wp-json\/wp\/v2\/comments?post=571"}],"version-history":[{"count":49,"href":"https:\/\/muneplasticos.com\/index.php\/wp-json\/wp\/v2\/pages\/571\/revisions"}],"predecessor-version":[{"id":1951,"href":"https:\/\/muneplasticos.com\/index.php\/wp-json\/wp\/v2\/pages\/571\/revisions\/1951"}],"wp:attachment":[{"href":"https:\/\/muneplasticos.com\/index.php\/wp-json\/wp\/v2\/media?parent=571"}],"curies":[{"name":"wp","href":"https:\/\/api.w.org\/{rel}","templated":true}]}}